{"id":857,"date":"2020-09-05T02:31:50","date_gmt":"2020-09-05T00:31:50","guid":{"rendered":"https:\/\/tnr-kamen-trgovina.hr\/?page_id=857"},"modified":"2021-01-07T01:39:31","modified_gmt":"2021-01-06T23:39:31","slug":"orso-grigio","status":"publish","type":"page","link":"https:\/\/tnr-kamen-trgovina.hr\/en\/orso-grigio\/","title":{"rendered":"Orso Grigio"},"content":{"rendered":"<div class=\"wpb-content-wrapper\">[vc_row full_width=&#8221;stretch_row&#8221; bg_type=&#8221;image&#8221; parallax_style=&#8221;vcpb-default&#8221; bg_image_new=&#8221;id^263|url^https:\/\/tnr-kamen-trgovina.hr\/datoteke\/2020\/08\/IMG_1038.jpg|caption^null|alt^null|title^IMG_1038|description^null&#8221; bg_image_repeat=&#8221;no-repeat&#8221; enable_overlay=&#8221;enable_overlay_value&#8221; overlay_color=&#8221;rgba(0,0,0,0.75)&#8221; el_class=&#8221;stranica-header&#8221;][vc_column width=&#8221;1\/6&#8243;][\/vc_column][vc_column width=&#8221;2\/3&#8243;][vc_column_text el_class=&#8221;naslov-header&#8221;]\n<h1>ORSO GRIGIO<\/h1>\n[\/vc_column_text][\/vc_column][vc_column width=&#8221;1\/6&#8243;][\/vc_column][\/vc_row][vc_row full_width=&#8221;stretch_row&#8221; bg_type=&#8221;image&#8221; parallax_style=&#8221;vcpb-default&#8221; bg_image_new=&#8221;id^304|url^https:\/\/tnr-kamen-trgovina.hr\/datoteke\/2020\/08\/poljane-kamenolom-5-1.jpg|caption^null|alt^Kamenolom Poljane &#8211; BX Kamen d.o.o. Jajce|title^Kamenolom Poljane &#8211; BX Kamen d.o.o. Jajce|description^null&#8221; bg_image_repeat=&#8221;no-repeat&#8221; enable_overlay=&#8221;enable_overlay_value&#8221; overlay_color=&#8221;rgba(255,255,255,0.9)&#8221; el_class=&#8221;onama-sekcija&#8221; css=&#8221;.vc_custom_1598874390787{padding-bottom: 60px !important;}&#8221;][vc_column][vc_column_text el_class=&#8221;onamatext&#8221;]\n<h3 style=\"text-align: center;\">ORSO GRIGIO &#8211; RED ROCKS<\/h3>\n<p style=\"text-align: center;\">The Orso Grigio stone, known as Red Rocks type 1 and type 2, is exploited in the Red Rock exploitation field.<br \/>\nThe stone is used for exterior and interior cladding and is suitable for all types of machining and manual processing.[\/vc_column_text][vc_row_inner][vc_column_inner width=&#8221;1\/2&#8243;][vc_single_image image=&#8221;533&#8243; img_size=&#8221;full&#8221; alignment=&#8221;center&#8221; css_animation=&#8221;none&#8221;][vc_column_text el_class=&#8221;vrste&#8221;]\n<h3>ORSO GRIGIO &#8211; <strong>TYPE 1<\/strong><\/h3>\n[\/vc_column_text][\/vc_column_inner][vc_column_inner width=&#8221;1\/2&#8243;][vc_single_image image=&#8221;534&#8243; img_size=&#8221;full&#8221; alignment=&#8221;center&#8221; css_animation=&#8221;none&#8221;][vc_column_text el_class=&#8221;vrste&#8221;]\n<h3>ORSO GRIGIO &#8211; <strong>TYPE 2<\/strong><\/h3>\n[\/vc_column_text][\/vc_column_inner][\/vc_row_inner][\/vc_column][\/vc_row][vc_row full_width=&#8221;stretch_row&#8221; css_animation=&#8221;fadeIn&#8221; enable_overlay=&#8221;enable_overlay_value&#8221; overlay_color=&#8221;rgba(255,255,255,0.8)&#8221; css=&#8221;.vc_custom_1598895992826{margin-top: 30px !important;margin-bottom: 30px !important;}&#8221;][vc_column width=&#8221;1\/3&#8243;][vc_single_image image=&#8221;528&#8243; img_size=&#8221;full&#8221; alignment=&#8221;center&#8221;][vc_column_text el_class=&#8221;rustika&#8221; css=&#8221;.vc_custom_1599312422665{margin-top: -36px !important;}&#8221;]\n<h3>RUSTIC WALL PANELS<\/h3>\n<p>The thickness of rustic wall panels can be 1.5, 2 and 3 cm, suitable for exterior and interior wall cladding.[\/vc_column_text][\/vc_column][vc_column width=&#8221;1\/3&#8243;][vc_single_image image=&#8221;526&#8243; img_size=&#8221;full&#8221; alignment=&#8221;center&#8221;][vc_column_text el_class=&#8221;rustika&#8221; css=&#8221;.vc_custom_1599312554069{margin-top: -36px !important;}&#8221;]\n<h3>RUSTIC FLOOR PANELS<\/h3>\n<p>We make rustic floor tiles in dimensions of 10\u00d710, 10\u00d715, 15\u00d730, and 15\u00d715 cm. Standard thicknesses are 3 and 6 cm. We are willing to make boards according to the wishes of our customers. The cube measures 10x10x10 cm.[\/vc_column_text][\/vc_column][vc_column width=&#8221;1\/3&#8243;][vc_single_image image=&#8221;529&#8243; img_size=&#8221;full&#8221; alignment=&#8221;center&#8221;][vc_column_text el_class=&#8221;rustika&#8221; css=&#8221;.vc_custom_1599312578598{margin-top: -36px !important;}&#8221;]\n<h3>BUNJA WALL PANELS<\/h3>\n<p>Bunja wall panels are most often used to decorate wall surfaces. Very high quality and long-lasting material that will serve you for years.[\/vc_column_text][\/vc_column][\/vc_row][vc_row][vc_column][vc_text_separator title=&#8221;&#8221; i_icon_fontawesome=&#8221;fas fa-angle-double-down&#8221; i_color=&#8221;custom&#8221; i_background_style=&#8221;rounded&#8221; i_background_color=&#8221;custom&#8221; color=&#8221;custom&#8221; add_icon=&#8221;true&#8221; i_custom_color=&#8221;#ffffff&#8221; i_custom_background_color=&#8221;#333333&#8243; accent_color=&#8221;#333333&#8243;][\/vc_column][\/vc_row][vc_row][vc_column][vc_column_text el_class=&#8221;onamatext2&#8243;]\n<h3 style=\"text-align: center;\">POLISHED AND BRUSHED FLOOR PANELS<\/h3>\n<p style=\"text-align: center;\">Floor and wall panels are made in standard thicknesses and dimensions. They can also be made according to the customer&#8217;s wishes with machining by polishing, brushing, and stocking. The Gatinating pannels are produced in standard thicknesses, dimensions, and according to the customer&#8217;s wishes.<\/p>\n[\/vc_column_text][\/vc_column][\/vc_row][vc_row][vc_column width=&#8221;1\/5&#8243;][vc_column_text el_class=&#8221;proizvod&#8221;]\n<div class=\"proizvod\">\n<p><img decoding=\"async\" class=\"hoverslika\" style=\"width: 100%;\" src=\"https:\/\/tnr-kamen-trgovina.hr\/datoteke\/2020\/08\/slika4a.png\" \/><\/p>\n<div class=\"sredina\">\n<div class=\"textnasliku\">Polished floor panels<\/div>\n<\/div>\n<\/div>\n[\/vc_column_text][\/vc_column][vc_column width=&#8221;1\/5&#8243;][vc_column_text el_class=&#8221;proizvod&#8221;]\n<div class=\"proizvod\">\n<p><img decoding=\"async\" class=\"hoverslika\" style=\"width: 100%;\" src=\"https:\/\/tnr-kamen-trgovina.hr\/datoteke\/2020\/08\/slika6a.png\" alt=\"San Giovani\" \/><\/p>\n<div class=\"sredina\">\n<div class=\"textnasliku\">Polished floor panels<\/div>\n<\/div>\n<\/div>\n[\/vc_column_text][\/vc_column][vc_column width=&#8221;1\/5&#8243;][vc_column_text el_class=&#8221;proizvod&#8221;]\n<div class=\"proizvod\">\n<p><img decoding=\"async\" class=\"hoverslika\" style=\"width: 100%;\" src=\"https:\/\/tnr-kamen-trgovina.hr\/datoteke\/2020\/08\/slika10a.png\" alt=\"San Giovani\" \/><\/p>\n<div class=\"sredina\">\n<div class=\"textnasliku\">Brushed floor panels<\/div>\n<\/div>\n<\/div>\n[\/vc_column_text][\/vc_column][vc_column width=&#8221;1\/5&#8243;][vc_column_text el_class=&#8221;proizvod&#8221;]\n<div class=\"proizvod\">\n<p><img decoding=\"async\" class=\"hoverslika\" style=\"width: 100%;\" src=\"https:\/\/tnr-kamen-trgovina.hr\/datoteke\/2020\/08\/slika8a.png\" alt=\"San Giovani\" \/><\/p>\n<div class=\"sredina\">\n<div class=\"textnasliku\">Brushed floor panels<\/div>\n<\/div>\n<\/div>\n[\/vc_column_text][\/vc_column][vc_column width=&#8221;1\/5&#8243;][vc_column_text el_class=&#8221;proizvod&#8221;]\n<div class=\"proizvod\">\n<p><img decoding=\"async\" class=\"hoverslika\" style=\"width: 100%;\" src=\"https:\/\/tnr-kamen-trgovina.hr\/datoteke\/2020\/08\/slika1a.png\" alt=\"Orso Grigio\" \/><\/p>\n<div class=\"sredina\">\n<div class=\"textnasliku\">Brushed floor panels<\/div>\n<\/div>\n<\/div>\n[\/vc_column_text][\/vc_column][\/vc_row][vc_row][vc_column][vc_text_separator title=&#8221;&#8221; i_icon_fontawesome=&#8221;fas fa-angle-double-down&#8221; i_color=&#8221;custom&#8221; i_background_style=&#8221;rounded&#8221; i_background_color=&#8221;custom&#8221; color=&#8221;custom&#8221; add_icon=&#8221;true&#8221; i_custom_color=&#8221;#ffffff&#8221; i_custom_background_color=&#8221;#a50f22&#8243; accent_color=&#8221;#a50f22&#8243;][\/vc_column][\/vc_row][vc_row full_width=&#8221;stretch_row&#8221; enable_overlay=&#8221;enable_overlay_value&#8221; overlay_color=&#8221;rgba(255,255,255,0.75)&#8221; el_class=&#8221;onama-sekcija&#8221; css=&#8221;.vc_custom_1598898408966{margin-bottom: 30px !important;}&#8221;][vc_column width=&#8221;1\/2&#8243;][vc_column_text el_class=&#8221;album bg-album&#8221;]\n<h3>TEHNICAL SPECIFICATIONS<\/h3>\n<p>Tested physical &#8211; mechanical characteristics for &#8220;Orso Grigio&#8221;<\/p>\n<p><a class=\"hvr-push\" href=\"https:\/\/tnr-kamen-trgovina.hr\/datoteke\/2020\/09\/orso-grigio-tehnicke-specifikacije.pdf\" target=\"_blank\" rel=\"noopener noreferrer\">SHOW PDF TABLE<\/a>[\/vc_column_text][\/vc_column][vc_column width=&#8221;1\/2&#8243;][vc_column_text el_class=&#8221;album bg-album2&#8243;]\n<h3>CEMTRA CERTIFICATES<\/h3>\n<p>Quality determination report by Cemtra d.o.o.<\/p>\n<p><a class=\"hvr-push\" href=\"https:\/\/tnr-kamen-trgovina.hr\/datoteke\/2020\/09\/ORSO-GRIGIO-C.S.-engl.pdf\" target=\"_blank\" rel=\"noopener noreferrer\">Orso Grigio &#8211; Red Rocks<\/a>[\/vc_column_text][\/vc_column][\/vc_row][vc_row full_width=&#8221;stretch_row&#8221; bg_type=&#8221;image&#8221; parallax_style=&#8221;vcpb-default&#8221; bg_image_new=&#8221;id^537|url^https:\/\/tnr-kamen-trgovina.hr\/datoteke\/2020\/09\/orso-pozadina.jpg|caption^null|alt^null|title^orso pozadina|description^null&#8221; bg_image_repeat=&#8221;no-repeat&#8221; enable_overlay=&#8221;enable_overlay_value&#8221; overlay_color=&#8221;rgba(255,255,255,0.7)&#8221;][vc_column][vc_column_text el_class=&#8221;primjeri&#8221;]\n<h2>SAMPLES<\/h2>\n<h3>Take a look at some samples of different styles and processing methods<\/h3>\n[\/vc_column_text][vc_media_grid style=&#8221;pagination&#8221; items_per_page=&#8221;4&#8243; element_width=&#8221;3&#8243; gap=&#8221;25&#8243; paging_design=&#8221;pagination_stripes_dark&#8221; item=&#8221;298&#8243; grid_id=&#8221;vc_gid:1609976288259-8676c64678cfe29c852af63a30cf1f5d-8&#8243; include=&#8221;520,502,507,516,501,503,504,505,506,508,509,510,511,512,513,514,515,517,518,519,521,522,523,524&#8243;][\/vc_column][\/vc_row][vc_row full_width=&#8221;stretch_row&#8221; bg_type=&#8221;image&#8221; parallax_style=&#8221;vcpb-default&#8221; bg_image_new=&#8221;id^304|url^https:\/\/tnr-kamen-trgovina.hr\/datoteke\/2020\/08\/poljane-kamenolom-5-1.jpg|caption^null|alt^Kamenolom Poljane &#8211; BX Kamen d.o.o. Jajce|title^Kamenolom Poljane &#8211; BX Kamen d.o.o. Jajce|description^null&#8221; bg_image_repeat=&#8221;no-repeat&#8221; enable_overlay=&#8221;enable_overlay_value&#8221; overlay_color=&#8221;rgba(195,32,43,0.82)&#8221;][vc_column][vc_column_text css_animation=&#8221;bounceInUp&#8221; el_class=&#8221;posaljiupit&#8221;]\n<h3>Send an Inquiry<\/h3>\n<p>If you have any questions or are interested in any of our products, or you need more information, we are here for you.<\/p>\n<p><a class=\"hvr-push\" href=\"https:\/\/tnr-kamen-trgovina.hr\/en\/contact\" target=\"_blank\" rel=\"noopener noreferrer\">SEND AN INQUIRY<\/a>[\/vc_column_text][\/vc_column][\/vc_row]\n<\/div>","protected":false},"excerpt":{"rendered":"<p>[vc_row full_width=&#8221;stretch_row&#8221; bg_type=&#8221;image&#8221; parallax_style=&#8221;vcpb-default&#8221; bg_image_new=&#8221;id^263|url^https:\/\/tnr-kamen-trgovina.hr\/datoteke\/2020\/08\/IMG_1038.jpg|caption^null|alt^null|title^IMG_1038|description^null&#8221; bg_image_repeat=&#8221;no-repeat&#8221; enable_overlay=&#8221;enable_overlay_value&#8221; overlay_color=&#8221;rgba(0,0,0,0.75)&#8221; el_class=&#8221;stranica-header&#8221;][vc_column width=&#8221;1\/6&#8243;][\/vc_column][vc_column width=&#8221;2\/3&#8243;][vc_column_text el_class=&#8221;naslov-header&#8221;] ORSO GRIGIO [\/vc_column_text][\/vc_column][vc_column width=&#8221;1\/6&#8243;][\/vc_column][\/vc_row][vc_row full_width=&#8221;stretch_row&#8221; bg_type=&#8221;image&#8221;&hellip; <a class=\"read-more-link\" href=\"https:\/\/tnr-kamen-trgovina.hr\/en\/orso-grigio\/\">Cijeli tekst<\/a><\/p>\n","protected":false},"author":1,"featured_media":769,"parent":0,"menu_order":0,"comment_status":"closed","ping_status":"closed","template":"page-FullWidth.php","meta":{"footnotes":""},"class_list":["post-857","page","type-page","status-publish","has-post-thumbnail","hentry"],"yoast_head":"\n<title>Orso Grigio - TNR kamen trgovina d.o.o.<\/title>\n<meta name=\"robots\" content=\"index, follow, max-snippet:-1, max-image-preview:large, max-video-preview:-1\" \/>\n<link rel=\"canonical\" href=\"https:\/\/tnr-kamen-trgovina.hr\/en\/orso-grigio\/\" \/>\n<meta property=\"og:locale\" content=\"en_US\" \/>\n<meta property=\"og:type\" content=\"article\" \/>\n<meta property=\"og:title\" content=\"Orso Grigio - TNR kamen trgovina d.o.o.\" \/>\n<meta property=\"og:description\" content=\"[vc_row full_width=&#8221;stretch_row&#8221; bg_type=&#8221;image&#8221; parallax_style=&#8221;vcpb-default&#8221; bg_image_new=&#8221;id^263|url^https:\/\/tnr-kamen-trgovina.hr\/datoteke\/2020\/08\/IMG_1038.jpg|caption^null|alt^null|title^IMG_1038|description^null&#8221; bg_image_repeat=&#8221;no-repeat&#8221; enable_overlay=&#8221;enable_overlay_value&#8221; overlay_color=&#8221;rgba(0,0,0,0.75)&#8221; el_class=&#8221;stranica-header&#8221;][vc_column width=&#8221;1\/6&#8243;][\/vc_column][vc_column width=&#8221;2\/3&#8243;][vc_column_text el_class=&#8221;naslov-header&#8221;] ORSO GRIGIO [\/vc_column_text][\/vc_column][vc_column width=&#8221;1\/6&#8243;][\/vc_column][\/vc_row][vc_row full_width=&#8221;stretch_row&#8221; bg_type=&#8221;image&#8221;&hellip; Cijeli tekst\" \/>\n<meta property=\"og:url\" content=\"https:\/\/tnr-kamen-trgovina.hr\/en\/orso-grigio\/\" \/>\n<meta property=\"og:site_name\" content=\"TNR kamen trgovina d.o.o.\" \/>\n<meta property=\"article:modified_time\" content=\"2021-01-06T23:39:31+00:00\" \/>\n<meta property=\"og:image\" content=\"https:\/\/tnr-kamen-trgovina.hr\/datoteke\/2020\/09\/orso-tip1.jpg\" \/>\n\t<meta property=\"og:image:width\" content=\"800\" \/>\n\t<meta property=\"og:image:height\" content=\"600\" \/>\n\t<meta property=\"og:image:type\" content=\"image\/jpeg\" \/>\n<meta name=\"twitter:card\" content=\"summary_large_image\" \/>\n<meta name=\"twitter:label1\" content=\"Est. reading time\" \/>\n\t<meta name=\"twitter:data1\" content=\"5 minutes\" \/>\n<script type=\"application\/ld+json\" class=\"yoast-schema-graph\">{\"@context\":\"https:\/\/schema.org\",\"@graph\":[{\"@type\":\"WebPage\",\"@id\":\"https:\/\/tnr-kamen-trgovina.hr\/en\/orso-grigio\/\",\"url\":\"https:\/\/tnr-kamen-trgovina.hr\/en\/orso-grigio\/\",\"name\":\"Orso Grigio - TNR kamen trgovina d.o.o.\",\"isPartOf\":{\"@id\":\"https:\/\/tnr-kamen-trgovina.hr\/en\/#website\"},\"primaryImageOfPage\":{\"@id\":\"https:\/\/tnr-kamen-trgovina.hr\/en\/orso-grigio\/#primaryimage\"},\"image\":{\"@id\":\"https:\/\/tnr-kamen-trgovina.hr\/en\/orso-grigio\/#primaryimage\"},\"thumbnailUrl\":\"https:\/\/tnr-kamen-trgovina.hr\/datoteke\/2020\/09\/orso-tip1.jpg\",\"datePublished\":\"2020-09-05T00:31:50+00:00\",\"dateModified\":\"2021-01-06T23:39:31+00:00\",\"breadcrumb\":{\"@id\":\"https:\/\/tnr-kamen-trgovina.hr\/en\/orso-grigio\/#breadcrumb\"},\"inLanguage\":\"en-US\",\"potentialAction\":[{\"@type\":\"ReadAction\",\"target\":[\"https:\/\/tnr-kamen-trgovina.hr\/en\/orso-grigio\/\"]}]},{\"@type\":\"ImageObject\",\"inLanguage\":\"en-US\",\"@id\":\"https:\/\/tnr-kamen-trgovina.hr\/en\/orso-grigio\/#primaryimage\",\"url\":\"https:\/\/tnr-kamen-trgovina.hr\/datoteke\/2020\/09\/orso-tip1.jpg\",\"contentUrl\":\"https:\/\/tnr-kamen-trgovina.hr\/datoteke\/2020\/09\/orso-tip1.jpg\",\"width\":800,\"height\":600},{\"@type\":\"BreadcrumbList\",\"@id\":\"https:\/\/tnr-kamen-trgovina.hr\/en\/orso-grigio\/#breadcrumb\",\"itemListElement\":[{\"@type\":\"ListItem\",\"position\":1,\"name\":\"Po\u010detna stranica\",\"item\":\"https:\/\/tnr-kamen-trgovina.hr\/en\/\"},{\"@type\":\"ListItem\",\"position\":2,\"name\":\"Orso Grigio\"}]},{\"@type\":\"WebSite\",\"@id\":\"https:\/\/tnr-kamen-trgovina.hr\/en\/#website\",\"url\":\"https:\/\/tnr-kamen-trgovina.hr\/en\/\",\"name\":\"TNR kamen trgovina d.o.o.\",\"description\":\"\",\"potentialAction\":[{\"@type\":\"SearchAction\",\"target\":{\"@type\":\"EntryPoint\",\"urlTemplate\":\"https:\/\/tnr-kamen-trgovina.hr\/en\/?s={search_term_string}\"},\"query-input\":{\"@type\":\"PropertyValueSpecification\",\"valueRequired\":true,\"valueName\":\"search_term_string\"}}],\"inLanguage\":\"en-US\"}]}<\/script>\n","yoast_head_json":{"title":"Orso Grigio - TNR kamen trgovina d.o.o.","robots":{"index":"index","follow":"follow","max-snippet":"max-snippet:-1","max-image-preview":"max-image-preview:large","max-video-preview":"max-video-preview:-1"},"canonical":"https:\/\/tnr-kamen-trgovina.hr\/en\/orso-grigio\/","og_locale":"en_US","og_type":"article","og_title":"Orso Grigio - TNR kamen trgovina d.o.o.","og_description":"[vc_row full_width=&#8221;stretch_row&#8221; bg_type=&#8221;image&#8221; parallax_style=&#8221;vcpb-default&#8221; bg_image_new=&#8221;id^263|url^https:\/\/tnr-kamen-trgovina.hr\/datoteke\/2020\/08\/IMG_1038.jpg|caption^null|alt^null|title^IMG_1038|description^null&#8221; bg_image_repeat=&#8221;no-repeat&#8221; enable_overlay=&#8221;enable_overlay_value&#8221; overlay_color=&#8221;rgba(0,0,0,0.75)&#8221; el_class=&#8221;stranica-header&#8221;][vc_column width=&#8221;1\/6&#8243;][\/vc_column][vc_column width=&#8221;2\/3&#8243;][vc_column_text el_class=&#8221;naslov-header&#8221;] ORSO GRIGIO [\/vc_column_text][\/vc_column][vc_column width=&#8221;1\/6&#8243;][\/vc_column][\/vc_row][vc_row full_width=&#8221;stretch_row&#8221; bg_type=&#8221;image&#8221;&hellip; Cijeli tekst","og_url":"https:\/\/tnr-kamen-trgovina.hr\/en\/orso-grigio\/","og_site_name":"TNR kamen trgovina d.o.o.","article_modified_time":"2021-01-06T23:39:31+00:00","og_image":[{"width":800,"height":600,"url":"https:\/\/tnr-kamen-trgovina.hr\/datoteke\/2020\/09\/orso-tip1.jpg","type":"image\/jpeg"}],"twitter_card":"summary_large_image","twitter_misc":{"Est. reading time":"5 minutes"},"schema":{"@context":"https:\/\/schema.org","@graph":[{"@type":"WebPage","@id":"https:\/\/tnr-kamen-trgovina.hr\/en\/orso-grigio\/","url":"https:\/\/tnr-kamen-trgovina.hr\/en\/orso-grigio\/","name":"Orso Grigio - TNR kamen trgovina d.o.o.","isPartOf":{"@id":"https:\/\/tnr-kamen-trgovina.hr\/en\/#website"},"primaryImageOfPage":{"@id":"https:\/\/tnr-kamen-trgovina.hr\/en\/orso-grigio\/#primaryimage"},"image":{"@id":"https:\/\/tnr-kamen-trgovina.hr\/en\/orso-grigio\/#primaryimage"},"thumbnailUrl":"https:\/\/tnr-kamen-trgovina.hr\/datoteke\/2020\/09\/orso-tip1.jpg","datePublished":"2020-09-05T00:31:50+00:00","dateModified":"2021-01-06T23:39:31+00:00","breadcrumb":{"@id":"https:\/\/tnr-kamen-trgovina.hr\/en\/orso-grigio\/#breadcrumb"},"inLanguage":"en-US","potentialAction":[{"@type":"ReadAction","target":["https:\/\/tnr-kamen-trgovina.hr\/en\/orso-grigio\/"]}]},{"@type":"ImageObject","inLanguage":"en-US","@id":"https:\/\/tnr-kamen-trgovina.hr\/en\/orso-grigio\/#primaryimage","url":"https:\/\/tnr-kamen-trgovina.hr\/datoteke\/2020\/09\/orso-tip1.jpg","contentUrl":"https:\/\/tnr-kamen-trgovina.hr\/datoteke\/2020\/09\/orso-tip1.jpg","width":800,"height":600},{"@type":"BreadcrumbList","@id":"https:\/\/tnr-kamen-trgovina.hr\/en\/orso-grigio\/#breadcrumb","itemListElement":[{"@type":"ListItem","position":1,"name":"Po\u010detna stranica","item":"https:\/\/tnr-kamen-trgovina.hr\/en\/"},{"@type":"ListItem","position":2,"name":"Orso Grigio"}]},{"@type":"WebSite","@id":"https:\/\/tnr-kamen-trgovina.hr\/en\/#website","url":"https:\/\/tnr-kamen-trgovina.hr\/en\/","name":"TNR kamen trgovina d.o.o.","description":"","potentialAction":[{"@type":"SearchAction","target":{"@type":"EntryPoint","urlTemplate":"https:\/\/tnr-kamen-trgovina.hr\/en\/?s={search_term_string}"},"query-input":{"@type":"PropertyValueSpecification","valueRequired":true,"valueName":"search_term_string"}}],"inLanguage":"en-US"}]}},"_links":{"self":[{"href":"https:\/\/tnr-kamen-trgovina.hr\/en\/wp-json\/wp\/v2\/pages\/857","targetHints":{"allow":["GET"]}}],"collection":[{"href":"https:\/\/tnr-kamen-trgovina.hr\/en\/wp-json\/wp\/v2\/pages"}],"about":[{"href":"https:\/\/tnr-kamen-trgovina.hr\/en\/wp-json\/wp\/v2\/types\/page"}],"author":[{"embeddable":true,"href":"https:\/\/tnr-kamen-trgovina.hr\/en\/wp-json\/wp\/v2\/users\/1"}],"replies":[{"embeddable":true,"href":"https:\/\/tnr-kamen-trgovina.hr\/en\/wp-json\/wp\/v2\/comments?post=857"}],"version-history":[{"count":6,"href":"https:\/\/tnr-kamen-trgovina.hr\/en\/wp-json\/wp\/v2\/pages\/857\/revisions"}],"predecessor-version":[{"id":1131,"href":"https:\/\/tnr-kamen-trgovina.hr\/en\/wp-json\/wp\/v2\/pages\/857\/revisions\/1131"}],"wp:featuredmedia":[{"embeddable":true,"href":"https:\/\/tnr-kamen-trgovina.hr\/en\/wp-json\/wp\/v2\/media\/769"}],"wp:attachment":[{"href":"https:\/\/tnr-kamen-trgovina.hr\/en\/wp-json\/wp\/v2\/media?parent=857"}],"curies":[{"name":"wp","href":"https:\/\/api.w.org\/{rel}","templated":true}]}}